{"id":67,"date":"2023-03-17T22:08:38","date_gmt":"2023-03-17T21:08:38","guid":{"rendered":"https:\/\/skin-soft.de\/?page_id=67"},"modified":"2024-04-21T12:34:11","modified_gmt":"2024-04-21T10:34:11","slug":"raeume","status":"publish","type":"page","link":"https:\/\/xn--schngesund-gcb.de\/index.php\/raeume\/","title":{"rendered":"R\u00e4ume"},"content":{"rendered":"\n<div class=\"wp-block-group alignfull has-text-color has-background\" style=\"color:#ffffff;background-color:#151515\"><div class=\"wp-block-group__inner-container is-layout-constrained wp-block-group-is-layout-constrained\">\n<div class=\"wp-block-media-text alignwide has-media-on-the-right is-stacked-on-mobile is-vertically-aligned-center\" style=\"grid-template-columns:auto 55%\"><div class=\"wp-block-media-text__content\">\n<h6 class=\"wp-block-heading has-ast-global-color-5-color has-text-color\">Ab 250 EUR im Monat<\/h6>\n\n\n\n<h2 class=\"wp-block-heading has-text-color\" style=\"color:#ffffff\">Ihr Raum im Center <\/h2>\n\n\n\n<p class=\"has-text-color\" style=\"color:#ffffff\">Flexibel wie Ihre Bed\u00fcrfnisse &#8211; Mieten Sie Ihren Raum ganz wie Sie Ihn brauchen. <\/p>\n\n\n\n<p>Bereits ab 250 EUR im Monat inklusive Nebenkosten wie Strom, Heizung und WLAN!<\/p>\n\n\n\n<div class=\"wp-block-buttons is-layout-flex wp-block-buttons-is-layout-flex\">\n<div class=\"wp-block-button\"><a class=\"wp-block-button__link has-text-color has-background wp-element-button\" style=\"color:#151515;background-color:#ffffff\">Kontakt<\/a><\/div>\n<\/div>\n<\/div><figure class=\"wp-block-media-text__media\"><img loading=\"lazy\" decoding=\"async\" width=\"1024\" height=\"546\" src=\"https:\/\/skin-soft.de\/wp-content\/uploads\/2023\/03\/doors-1690423-low-1024x546.jpg\" alt=\"\" class=\"wp-image-70 size-full\" srcset=\"https:\/\/xn--schngesund-gcb.de\/wp-content\/uploads\/2023\/03\/doors-1690423-low-1024x546.jpg 1024w, https:\/\/xn--schngesund-gcb.de\/wp-content\/uploads\/2023\/03\/doors-1690423-low-300x160.jpg 300w, https:\/\/xn--schngesund-gcb.de\/wp-content\/uploads\/2023\/03\/doors-1690423-low-768x410.jpg 768w, https:\/\/xn--schngesund-gcb.de\/wp-content\/uploads\/2023\/03\/doors-1690423-low-1536x819.jpg 1536w, https:\/\/xn--schngesund-gcb.de\/wp-content\/uploads\/2023\/03\/doors-1690423-low.jpg 1920w\" sizes=\"auto, (max-width: 1024px) 100vw, 1024px\" \/><\/figure><\/div>\n<\/div><\/div>\n\n\n\n<div class=\"wp-block-stackable-columns alignwide stk-block-columns stk-block stk-8c9c1af\" data-block-id=\"8c9c1af\"><style>.stk-8c9c1af{padding-top:80px !important;padding-bottom:80px !important}<\/style><div class=\"stk-row stk-inner-blocks stk-block-content stk-content-align stk-8c9c1af-column alignwide\">\n<div class=\"wp-block-stackable-column stk-block-column stk-column stk-block stk-16b7513\" data-v=\"4\" data-block-id=\"16b7513\"><div class=\"stk-column-wrapper stk-block-column__content stk-container stk-16b7513-container stk--no-background stk--no-padding\"><div class=\"stk-block-content stk-inner-blocks stk-16b7513-inner-blocks\">\n<div class=\"wp-block-stackable-heading stk-block-heading stk-block-heading--v2 stk-block stk-fa7829a\" id=\"unser-raumangebot\" data-block-id=\"fa7829a\"><h2 class=\"stk-block-heading__text has-text-align-center\">Unser Raumangebot <\/h2><\/div>\n\n\n\n<div class=\"wp-block-stackable-text stk-block-text stk-block stk-e0f9e2d\" data-block-id=\"e0f9e2d\"><style>.stk-e0f9e2d{margin-bottom:48px !important}<\/style><p class=\"stk-block-text__text has-text-align-center\">Ein \u00dcberblick \u00fcber die Praxisgemeinschaft und Anmietungsm\u00f6glichkeiten<\/p><\/div>\n\n\n\n<div class=\"wp-block-stackable-columns stk-block-columns stk-block stk-cda51d0\" data-block-id=\"cda51d0\"><style>@media screen and (max-width:1023px){.stk-cda51d0-column{row-gap:48px !important}}<\/style><div class=\"stk-row stk-inner-blocks stk-block-content stk-content-align stk-cda51d0-column\">\n<div class=\"wp-block-stackable-column stk-block-column stk-column stk-block stk-3c2d358\" data-v=\"4\" data-block-id=\"3c2d358\"><style>.stk-3c2d358-inner-blocks{justify-content:center !important}@media screen and (min-width:768px){.stk-3c2d358{flex:var(--stk-flex-grow,1) 1 25% !important}}@media screen and (min-width:768px) and (max-width:1023px){.stk-3c2d358{flex:var(--stk-flex-grow,1) 1 calc(100% - var(--stk-column-gap,0px) * 0 \/ 1 ) !important}}<\/style><div class=\"stk-column-wrapper stk-block-column__content stk-container stk-3c2d358-container stk--no-background stk--no-padding\"><div class=\"stk--column-flex stk-block-content stk-inner-blocks stk-3c2d358-inner-blocks\">\n<div class=\"wp-block-stackable-icon-box stk-block-icon-box stk-block stk-c7bf692\" data-v=\"2\" data-block-id=\"c7bf692\"><div class=\"stk-block-content stk-inner-blocks stk-block-icon-box__content stk-container stk-c7bf692-container stk--no-background stk--no-padding\">\n<div class=\"wp-block-stackable-icon-label stk-block-icon-label stk-block stk-f85dbe1\" data-block-id=\"f85dbe1\"><div class=\"stk-row stk-inner-blocks stk-block-content\">\n<div class=\"wp-block-stackable-icon stk-block-icon has-text-align-left stk-block stk-e3e8af1\" data-block-id=\"e3e8af1\"><span class=\"stk--svg-wrapper\"><div class=\"stk--inner-svg\"><svg style=\"height:0;width:0\"><defs><linearGradient id=\"linear-gradient-e3e8af1\" x1=\"0\" x2=\"100%\" y1=\"0\" y2=\"0\"><stop offset=\"0%\" style=\"stop-opacity:1;stop-color:var(--linear-gradient-e-3-e-8-af-1-color-1)\"><\/stop><stop offset=\"100%\" style=\"stop-opacity:1;stop-color:var(--linear-gradient-e-3-e-8-af-1-color-2)\"><\/stop><\/linearGradient><\/defs><\/svg><svg data-prefix=\"fa\" data-icon=\"star\" class=\"svg-inline--fa fa-star fa-w-18\" xmlns=\"http:\/\/www.w3.org\/2000\/svg\" viewBox=\"0 0 576 512\" aria-hidden=\"true\" width=\"32\" height=\"32\"><path fill=\"currentColor\" d=\"M259.3 17.8L194 150.2 47.9 171.5c-26.2 3.8-36.7 36.1-17.7 54.6l105.7 103-25 145.5c-4.5 26.3 23.2 46 46.4 33.7L288 439.6l130.7 68.7c23.2 12.2 50.9-7.4 46.4-33.7l-25-145.5 105.7-103c19-18.5 8.5-50.8-17.7-54.6L382 150.2 316.7 17.8c-11.7-23.6-45.6-23.9-57.4 0z\"><\/path><\/svg><\/div><\/span><\/div>\n\n\n\n<div class=\"wp-block-stackable-heading stk-block-heading stk-block-heading--v2 stk-block stk-35dfd2c\" id=\"1-medicinis-consult\" data-block-id=\"35dfd2c\"><h4 class=\"stk-block-heading__text\">(1) Medicinis Consult<\/h4><\/div>\n<\/div><\/div>\n\n\n\n<div class=\"wp-block-stackable-text stk-block-text stk-block stk-baccfe0\" data-block-id=\"baccfe0\"><p class=\"stk-block-text__text\">Beratung f\u00fcr hochwertige und sehr g\u00fcnstige medizinische Eingriffe im Ausland<\/p><\/div>\n<\/div><\/div>\n\n\n\n<div class=\"wp-block-stackable-icon-box stk-block-icon-box stk-block stk-af86fff\" data-v=\"2\" data-block-id=\"af86fff\"><div class=\"stk-block-content stk-inner-blocks stk-block-icon-box__content stk-container stk-af86fff-container stk--no-background stk--no-padding\">\n<div class=\"wp-block-stackable-icon-label stk-block-icon-label stk-block stk-c2e48c7\" data-block-id=\"c2e48c7\"><div class=\"stk-row stk-inner-blocks stk-block-content\">\n<div class=\"wp-block-stackable-icon stk-block-icon has-text-align-left stk-block stk-1e76f1e\" data-block-id=\"1e76f1e\"><span class=\"stk--svg-wrapper\"><div class=\"stk--inner-svg\"><svg style=\"height:0;width:0\"><defs><linearGradient id=\"linear-gradient-1e76f1e\" x1=\"0\" x2=\"100%\" y1=\"0\" y2=\"0\"><stop offset=\"0%\" style=\"stop-opacity:1;stop-color:var(--linear-gradient-1-e-76-f-1-e-color-1)\"><\/stop><stop offset=\"100%\" style=\"stop-opacity:1;stop-color:var(--linear-gradient-1-e-76-f-1-e-color-2)\"><\/stop><\/linearGradient><\/defs><\/svg><svg data-prefix=\"fa\" data-icon=\"star\" class=\"svg-inline--fa fa-star fa-w-18\" xmlns=\"http:\/\/www.w3.org\/2000\/svg\" viewBox=\"0 0 576 512\" aria-hidden=\"true\" width=\"32\" height=\"32\"><path fill=\"currentColor\" d=\"M259.3 17.8L194 150.2 47.9 171.5c-26.2 3.8-36.7 36.1-17.7 54.6l105.7 103-25 145.5c-4.5 26.3 23.2 46 46.4 33.7L288 439.6l130.7 68.7c23.2 12.2 50.9-7.4 46.4-33.7l-25-145.5 105.7-103c19-18.5 8.5-50.8-17.7-54.6L382 150.2 316.7 17.8c-11.7-23.6-45.6-23.9-57.4 0z\"><\/path><\/svg><\/div><\/span><\/div>\n\n\n\n<div class=\"wp-block-stackable-heading stk-block-heading stk-block-heading--v2 stk-block stk-7f3847b\" id=\"2-wimpern-permament-make-up\" data-block-id=\"7f3847b\"><h4 class=\"stk-block-heading__text\">(2) Wimpern Permament Make-up<\/h4><\/div>\n<\/div><\/div>\n\n\n\n<div class=\"wp-block-stackable-text stk-block-text stk-block stk-9ccfc7e\" data-block-id=\"9ccfc7e\"><p class=\"stk-block-text__text\">Mihaele N. <br>Lash Master<br>Zertifizierte Wimpernstylistin, Wimpernverl\u00e4ngerung, Permanent Make-up<\/p><\/div>\n<\/div><\/div>\n\n\n\n<div class=\"wp-block-stackable-icon-box stk-block-icon-box stk-block stk-b535b7e\" data-v=\"2\" data-block-id=\"b535b7e\"><div class=\"stk-block-content stk-inner-blocks stk-block-icon-box__content stk-container stk-b535b7e-container stk--no-background stk--no-padding\">\n<div class=\"wp-block-stackable-icon-label stk-block-icon-label stk-block stk-b1f6dc4\" data-block-id=\"b1f6dc4\"><div class=\"stk-row stk-inner-blocks stk-block-content\">\n<div class=\"wp-block-stackable-icon stk-block-icon has-text-align-left stk-block stk-40efb77\" data-block-id=\"40efb77\"><span class=\"stk--svg-wrapper\"><div class=\"stk--inner-svg\"><svg style=\"height:0;width:0\"><defs><linearGradient id=\"linear-gradient-40efb77\" x1=\"0\" x2=\"100%\" y1=\"0\" y2=\"0\"><stop offset=\"0%\" style=\"stop-opacity:1;stop-color:var(--linear-gradient-40-efb-77-color-1)\"><\/stop><stop offset=\"100%\" style=\"stop-opacity:1;stop-color:var(--linear-gradient-40-efb-77-color-2)\"><\/stop><\/linearGradient><\/defs><\/svg><svg data-prefix=\"fa\" data-icon=\"star\" class=\"svg-inline--fa fa-star fa-w-18\" xmlns=\"http:\/\/www.w3.org\/2000\/svg\" viewBox=\"0 0 576 512\" aria-hidden=\"true\" width=\"32\" height=\"32\"><path fill=\"currentColor\" d=\"M259.3 17.8L194 150.2 47.9 171.5c-26.2 3.8-36.7 36.1-17.7 54.6l105.7 103-25 145.5c-4.5 26.3 23.2 46 46.4 33.7L288 439.6l130.7 68.7c23.2 12.2 50.9-7.4 46.4-33.7l-25-145.5 105.7-103c19-18.5 8.5-50.8-17.7-54.6L382 150.2 316.7 17.8c-11.7-23.6-45.6-23.9-57.4 0z\"><\/path><\/svg><\/div><\/span><\/div>\n\n\n\n<div class=\"wp-block-stackable-heading stk-block-heading stk-block-heading--v2 stk-block stk-1079db8\" id=\"3-gesundheit-amp-haarzentrum\" data-block-id=\"1079db8\"><h4 class=\"stk-block-heading__text\">(3) &#8211; Gesundheit &amp; Haarzentrum<\/h4><\/div>\n<\/div><\/div>\n\n\n\n<div class=\"wp-block-stackable-text stk-block-text stk-block stk-046edd9\" data-block-id=\"046edd9\"><p class=\"stk-block-text__text\">Wibke Klier <br>Nadine Tulsie<br><\/p><\/div>\n<\/div><\/div>\n<\/div><\/div><\/div>\n\n\n\n<div class=\"wp-block-stackable-column stk-block-column stk-column stk-block stk-f9d959a\" data-v=\"4\" data-block-id=\"f9d959a\"><style>.stk-f9d959a-inner-blocks{justify-content:center !important}@media screen and (min-width:768px){.stk-f9d959a{flex:var(--stk-flex-grow,1) 1 50% !important}}@media screen and (min-width:768px) and (max-width:1023px){.stk-f9d959a{flex:var(--stk-flex-grow,1) 1 calc(100% - var(--stk-column-gap,0px) * 0 \/ 1 ) !important}}<\/style><div class=\"stk-column-wrapper stk-block-column__content stk-container stk-f9d959a-container stk--no-background stk--no-padding\"><div class=\"stk--column-flex stk-block-content stk-inner-blocks stk-f9d959a-inner-blocks\">\n<div class=\"wp-block-stackable-image stk-block-image stk-block stk-226f244\" data-block-id=\"226f244\"><style>.stk-226f244 .stk-img-wrapper{height:600px !important}<\/style><figure><span class=\"stk-img-wrapper stk-image--shape-stretch\"><img loading=\"lazy\" decoding=\"async\" class=\"stk-img wp-image-77\" src=\"https:\/\/xn--schngesund-gcb.de\/wp-content\/uploads\/2023\/03\/OG1-2.png\" width=\"1929\" height=\"1266\" srcset=\"https:\/\/xn--schngesund-gcb.de\/wp-content\/uploads\/2023\/03\/OG1-2.png 1929w, https:\/\/xn--schngesund-gcb.de\/wp-content\/uploads\/2023\/03\/OG1-2-300x197.png 300w, https:\/\/xn--schngesund-gcb.de\/wp-content\/uploads\/2023\/03\/OG1-2-1024x672.png 1024w, https:\/\/xn--schngesund-gcb.de\/wp-content\/uploads\/2023\/03\/OG1-2-768x504.png 768w, https:\/\/xn--schngesund-gcb.de\/wp-content\/uploads\/2023\/03\/OG1-2-1536x1008.png 1536w\" sizes=\"auto, (max-width: 1929px) 100vw, 1929px\" \/><\/span><\/figure><\/div>\n<\/div><\/div><\/div>\n\n\n\n<div class=\"wp-block-stackable-column stk-block-column stk-column stk-block stk-c32e0a5\" data-v=\"4\" data-block-id=\"c32e0a5\"><style>.stk-c32e0a5-inner-blocks{justify-content:center !important}@media screen and (min-width:768px){.stk-c32e0a5{flex:var(--stk-flex-grow,1) 1 25% !important}}@media screen and (min-width:768px) and (max-width:1023px){.stk-c32e0a5{flex:var(--stk-flex-grow,1) 1 calc(100% - var(--stk-column-gap,0px) * 0 \/ 1 ) !important}}<\/style><div class=\"stk-column-wrapper stk-block-column__content stk-container stk-c32e0a5-container stk--no-background stk--no-padding\"><div class=\"stk--column-flex stk-block-content stk-inner-blocks stk-c32e0a5-inner-blocks\">\n<div class=\"wp-block-stackable-icon-box stk-block-icon-box stk-block stk-1af15cd\" data-v=\"2\" data-block-id=\"1af15cd\"><div class=\"stk-block-content stk-inner-blocks stk-block-icon-box__content stk-container stk-1af15cd-container stk--no-background stk--no-padding\">\n<div class=\"wp-block-stackable-icon-label stk-block-icon-label stk-block stk-4182161\" data-block-id=\"4182161\"><div class=\"stk-row stk-inner-blocks stk-block-content\">\n<div class=\"wp-block-stackable-icon stk-block-icon has-text-align-left stk-block stk-4c8eed6\" data-block-id=\"4c8eed6\"><span class=\"stk--svg-wrapper\"><div class=\"stk--inner-svg\"><svg style=\"height:0;width:0\"><defs><linearGradient id=\"linear-gradient-4c8eed6\" x1=\"0\" x2=\"100%\" y1=\"0\" y2=\"0\"><stop offset=\"0%\" style=\"stop-opacity:1;stop-color:var(--linear-gradient-4-c-8-eed-6-color-1)\"><\/stop><stop offset=\"100%\" style=\"stop-opacity:1;stop-color:var(--linear-gradient-4-c-8-eed-6-color-2)\"><\/stop><\/linearGradient><\/defs><\/svg><svg data-prefix=\"fa\" data-icon=\"star\" class=\"svg-inline--fa fa-star fa-w-18\" xmlns=\"http:\/\/www.w3.org\/2000\/svg\" viewBox=\"0 0 576 512\" aria-hidden=\"true\" width=\"32\" height=\"32\"><path fill=\"currentColor\" d=\"M259.3 17.8L194 150.2 47.9 171.5c-26.2 3.8-36.7 36.1-17.7 54.6l105.7 103-25 145.5c-4.5 26.3 23.2 46 46.4 33.7L288 439.6l130.7 68.7c23.2 12.2 50.9-7.4 46.4-33.7l-25-145.5 105.7-103c19-18.5 8.5-50.8-17.7-54.6L382 150.2 316.7 17.8c-11.7-23.6-45.6-23.9-57.4 0z\"><\/path><\/svg><\/div><\/span><\/div>\n\n\n\n<div class=\"wp-block-stackable-heading stk-block-heading stk-block-heading--v2 stk-block stk-88d862f\" id=\"4-manikure-pedikure\" data-block-id=\"88d862f\"><h4 class=\"stk-block-heading__text\">(4) Manik\u00fcre, Pedik\u00fcre <\/h4><\/div>\n<\/div><\/div>\n\n\n\n<p>Silvia Ragus Studio<br>Ihre N\u00e4gel Sch\u00f6nheit, unsere Leidenschaft<\/p>\n<\/div><\/div>\n\n\n\n<div class=\"wp-block-stackable-icon-box stk-block-icon-box stk-block stk-a21a72b\" data-v=\"2\" data-block-id=\"a21a72b\"><div class=\"stk-block-content stk-inner-blocks stk-block-icon-box__content stk-container stk-a21a72b-container stk--no-background stk--no-padding\">\n<div class=\"wp-block-stackable-icon-label stk-block-icon-label stk-block stk-2a9881b\" data-block-id=\"2a9881b\"><div class=\"stk-row stk-inner-blocks stk-block-content\">\n<div class=\"wp-block-stackable-icon stk-block-icon has-text-align-left stk-block stk-b0b07ec\" data-block-id=\"b0b07ec\"><span class=\"stk--svg-wrapper\"><div class=\"stk--inner-svg\"><svg style=\"height:0;width:0\"><defs><linearGradient id=\"linear-gradient-b0b07ec\" x1=\"0\" x2=\"100%\" y1=\"0\" y2=\"0\"><stop offset=\"0%\" style=\"stop-opacity:1;stop-color:var(--linear-gradient-b-0-b-07-ec-color-1)\"><\/stop><stop offset=\"100%\" style=\"stop-opacity:1;stop-color:var(--linear-gradient-b-0-b-07-ec-color-2)\"><\/stop><\/linearGradient><\/defs><\/svg><svg data-prefix=\"fa\" data-icon=\"star\" class=\"svg-inline--fa fa-star fa-w-18\" xmlns=\"http:\/\/www.w3.org\/2000\/svg\" viewBox=\"0 0 576 512\" aria-hidden=\"true\" width=\"32\" height=\"32\"><path fill=\"currentColor\" d=\"M259.3 17.8L194 150.2 47.9 171.5c-26.2 3.8-36.7 36.1-17.7 54.6l105.7 103-25 145.5c-4.5 26.3 23.2 46 46.4 33.7L288 439.6l130.7 68.7c23.2 12.2 50.9-7.4 46.4-33.7l-25-145.5 105.7-103c19-18.5 8.5-50.8-17.7-54.6L382 150.2 316.7 17.8c-11.7-23.6-45.6-23.9-57.4 0z\"><\/path><\/svg><\/div><\/span><\/div>\n\n\n\n<div class=\"wp-block-stackable-heading stk-block-heading stk-block-heading--v2 stk-block stk-21f9a39\" id=\"5-medizinische-behandlung\" data-block-id=\"21f9a39\"><h4 class=\"stk-block-heading__text\">(5) &#8211; Medizinische Behandlung<\/h4><\/div>\n<\/div><\/div>\n\n\n\n<div class=\"wp-block-stackable-text stk-block-text stk-block stk-d90db8a\" data-block-id=\"d90db8a\"><p class=\"stk-block-text__text\"><\/p><\/div>\n<\/div><\/div>\n\n\n\n<div class=\"wp-block-stackable-icon-box stk-block-icon-box stk-block stk-c81c4a3\" data-v=\"2\" data-block-id=\"c81c4a3\"><div class=\"stk-block-content stk-inner-blocks stk-block-icon-box__content stk-container stk-c81c4a3-container stk--no-background stk--no-padding\">\n<div class=\"wp-block-stackable-icon-label stk-block-icon-label stk-block stk-20e5c54\" data-block-id=\"20e5c54\"><div class=\"stk-row stk-inner-blocks stk-block-content\">\n<div class=\"wp-block-stackable-icon stk-block-icon has-text-align-left stk-block stk-1835a6a\" data-block-id=\"1835a6a\"><span class=\"stk--svg-wrapper\"><div class=\"stk--inner-svg\"><svg style=\"height:0;width:0\"><defs><linearGradient id=\"linear-gradient-1835a6a\" x1=\"0\" x2=\"100%\" y1=\"0\" y2=\"0\"><stop offset=\"0%\" style=\"stop-opacity:1;stop-color:var(--linear-gradient-1835-a-6-a-color-1)\"><\/stop><stop offset=\"100%\" style=\"stop-opacity:1;stop-color:var(--linear-gradient-1835-a-6-a-color-2)\"><\/stop><\/linearGradient><\/defs><\/svg><svg data-prefix=\"fa\" data-icon=\"star\" class=\"svg-inline--fa fa-star fa-w-18\" xmlns=\"http:\/\/www.w3.org\/2000\/svg\" viewBox=\"0 0 576 512\" aria-hidden=\"true\" width=\"32\" height=\"32\"><path fill=\"currentColor\" d=\"M259.3 17.8L194 150.2 47.9 171.5c-26.2 3.8-36.7 36.1-17.7 54.6l105.7 103-25 145.5c-4.5 26.3 23.2 46 46.4 33.7L288 439.6l130.7 68.7c23.2 12.2 50.9-7.4 46.4-33.7l-25-145.5 105.7-103c19-18.5 8.5-50.8-17.7-54.6L382 150.2 316.7 17.8c-11.7-23.6-45.6-23.9-57.4 0z\"><\/path><\/svg><\/div><\/span><\/div>\n\n\n\n<div class=\"wp-block-stackable-heading stk-block-heading stk-block-heading--v2 stk-block stk-3a43319\" id=\"wartebereich-kuche-wc\" data-block-id=\"3a43319\"><h4 class=\"stk-block-heading__text\">Wartebereich \/ K\u00fcche \/ WC<\/h4><\/div>\n<\/div><\/div>\n\n\n\n<div class=\"wp-block-stackable-text stk-block-text stk-block stk-cfc2676\" data-block-id=\"cfc2676\"><p class=\"stk-block-text__text\">Gemeinsame genutzte Fl\u00e4chen<\/p><\/div>\n<\/div><\/div>\n<\/div><\/div><\/div>\n<\/div><\/div>\n<\/div><\/div><\/div>\n<\/div><\/div>\n","protected":false},"excerpt":{"rendered":"<p>Ab 250 EUR im Monat Ihr Raum im Center Flexibel wie Ihre Bed\u00fcrfnisse &#8211; Mieten Sie Ihren Raum ganz wie Sie Ihn brauchen. Bereits ab 250 EUR im Monat inklusive Nebenkosten wie Strom, Heizung und WLAN! Unser Raumangebot Ein \u00dcberblick \u00fcber die Praxisgemeinschaft und Anmietungsm\u00f6glichkeiten (1) Medicinis Consult Beratung f\u00fcr [&hellip;]<\/p>\n","protected":false},"author":1,"featured_media":0,"parent":0,"menu_order":0,"comment_status":"closed","ping_status":"closed","template":"","meta":{"_eb_attr":"","_uag_custom_page_level_css":"","footnotes":""},"class_list":["post-67","page","type-page","status-publish","hentry"],"uagb_featured_image_src":{"full":false,"thumbnail":false,"medium":false,"medium_large":false,"large":false,"1536x1536":false,"2048x2048":false,"hestia-blog":false},"uagb_author_info":{"display_name":"medizin","author_link":"https:\/\/xn--schngesund-gcb.de\/index.php\/author\/medizin\/"},"uagb_comment_info":0,"uagb_excerpt":"Ab 250 EUR im Monat Ihr Raum im Center Flexibel wie Ihre Bed\u00fcrfnisse &#8211; Mieten Sie Ihren Raum ganz wie Sie Ihn brauchen. Bereits ab 250 EUR im Monat inklusive Nebenkosten wie Strom, Heizung und WLAN! Unser Raumangebot Ein \u00dcberblick \u00fcber die Praxisgemeinschaft und Anmietungsm\u00f6glichkeiten (1) Medicinis Consult Beratung f\u00fcr [&hellip;]","_links":{"self":[{"href":"https:\/\/xn--schngesund-gcb.de\/index.php\/wp-json\/wp\/v2\/pages\/67","targetHints":{"allow":["GET"]}}],"collection":[{"href":"https:\/\/xn--schngesund-gcb.de\/index.php\/wp-json\/wp\/v2\/pages"}],"about":[{"href":"https:\/\/xn--schngesund-gcb.de\/index.php\/wp-json\/wp\/v2\/types\/page"}],"author":[{"embeddable":true,"href":"https:\/\/xn--schngesund-gcb.de\/index.php\/wp-json\/wp\/v2\/users\/1"}],"replies":[{"embeddable":true,"href":"https:\/\/xn--schngesund-gcb.de\/index.php\/wp-json\/wp\/v2\/comments?post=67"}],"version-history":[{"count":10,"href":"https:\/\/xn--schngesund-gcb.de\/index.php\/wp-json\/wp\/v2\/pages\/67\/revisions"}],"predecessor-version":[{"id":227,"href":"https:\/\/xn--schngesund-gcb.de\/index.php\/wp-json\/wp\/v2\/pages\/67\/revisions\/227"}],"wp:attachment":[{"href":"https:\/\/xn--schngesund-gcb.de\/index.php\/wp-json\/wp\/v2\/media?parent=67"}],"curies":[{"name":"wp","href":"https:\/\/api.w.org\/{rel}","templated":true}]}}