{"id":189,"date":"2023-04-02T19:25:01","date_gmt":"2023-04-02T17:25:01","guid":{"rendered":"https:\/\/skin-soft.de\/?page_id=189"},"modified":"2024-04-21T12:35:53","modified_gmt":"2024-04-21T10:35:53","slug":"nadine-tulsie","status":"publish","type":"page","link":"https:\/\/xn--schngesund-gcb.de\/index.php\/nadine-tulsie\/","title":{"rendered":"Nadine Tulsie"},"content":{"rendered":"\n<div class=\"wp-block-uagb-image uagb-block-3947487c wp-block-uagb-image--layout-default wp-block-uagb-image--effect-static wp-block-uagb-image--align-none\"><figure class=\"wp-block-uagb-image__figure\"><img decoding=\"async\" srcset=\"https:\/\/xn--schngesund-gcb.de\/wp-content\/uploads\/2023\/04\/tulsie-schild.jpg ,https:\/\/xn--schngesund-gcb.de\/wp-content\/uploads\/2023\/04\/tulsie-schild.jpg 780w, https:\/\/xn--schngesund-gcb.de\/wp-content\/uploads\/2023\/04\/tulsie-schild.jpg 360w\" sizes=\"auto, (max-width: 480px) 150px\" src=\"https:\/\/xn--schngesund-gcb.de\/wp-content\/uploads\/2023\/04\/tulsie-schild.jpg\" alt=\"\" class=\"uag-image-190\" width=\"1024\" height=\"757\" title=\"tulsie-schild\" loading=\"lazy\"\/><\/figure><\/div>\n\n\n\n<p>Schon immer habe ich mich f\u00fcr Medizin, eine gesunde Lebensweise&nbsp;und \u00c4sthetik&nbsp;interessiert. Nach meiner Ausbildung zur&nbsp;Arzthelferin in einer urologischen Praxis war ich viele Jahre in diesem Beruf t\u00e4tig. Um mein Wissen zu erweitern und den Menschen als &#8222;ganzheitliches Individuum&#8220; zu verstehen, habe ich eine Ausbildung zur Heilpraktikerin&nbsp;absolviert und im November 2017 durch die amts\u00e4rztliche \u00dcberpr\u00fcfung die Erlaubnis der Heilkunde ohne Bestallung erteilt bekommen. Seitdem habe ich mich auf medizinisch-\u00e4sthetische Behandlungen spezialisiert und nehme regelm\u00e4\u00dfig an Fortbildungen teil um mein Wissen st\u00e4ndig zu erweitern.&nbsp;<\/p>\n\n\n\n<p><em>Fortbildungen \u00c4sthetik:<\/em><\/p>\n\n\n\n<ul class=\"wp-block-list\">\n<li>verschiedene Kurse Faltenunterspritzung (Grundlagen, fortgeschrittene Techniken, Lippenaugmentation, spitze und stumpfe Kan\u00fcle)<\/li>\n\n\n\n<li>Einsteigerkurs Mesotherapie<\/li>\n\n\n\n<li>Bio-Remodellierung mit Profilho<\/li>\n\n\n\n<li>Nebenwirkungsmanagement bei Fillerinjektionen<\/li>\n\n\n\n<li>Derma Pen Microneedling<\/li>\n\n\n\n<li>Anwendungen der Injektionslipolyse<\/li>\n\n\n\n<li>Gesichtsanalyse und Hyalurons\u00e4ureunterspritzung nach dem goldenen Schnitt<\/li>\n\n\n\n<li>Hyalurons\u00e4ureunterspritzung der Augenpartie<\/li>\n\n\n\n<li>Lippenunterspritzung f\u00fcr Fortgeschrittene&nbsp;<\/li>\n<\/ul>\n\n\n\n<p><em>Fortbildungen Naturheilkunde:<\/em><\/p>\n\n\n\n<ul class=\"wp-block-list\">\n<li>Ausbildung in klassischer Hom\u00f6opathie&nbsp;<\/li>\n\n\n\n<li>Drip-Spa Powerinfusionen<\/li>\n\n\n\n<li>Ausbildung in Ohrakupunktur&nbsp;<\/li>\n\n\n\n<li>verschiedene Fortbildungen in Frauenheilkunde und Hormontherapie<\/li>\n<\/ul>\n\n\n\n<p><em>&nbsp;Mitgliedschaften:<\/em><\/p>\n\n\n\n<ul class=\"wp-block-list\">\n<li>Mitglied im Verband Deutscher Heilpraktiker<\/li>\n\n\n\n<li>Mitglied Deutsche Gesellschaft f\u00fcr Mesotherapie<\/li>\n<\/ul>\n\n\n\n<div class=\"wp-block-essential-blocks-button\"><div class=\"eb-parent-wrapper eb-parent-eb-button-9syzmzj \"><div class=\"eb-button-wrapper eb-button-alignment eb-button-9syzmzj\"><div class=\"eb-button\"><a class=\"eb-button-anchor\" href=\"https:\/\/tulsie.jimdofree.com\/\" rel=\"noopener\">Click Me!<\/a><\/div><\/div><\/div><\/div>\n","protected":false},"excerpt":{"rendered":"<p>Schon immer habe ich mich f\u00fcr Medizin, eine gesunde Lebensweise&nbsp;und \u00c4sthetik&nbsp;interessiert. Nach meiner Ausbildung zur&nbsp;Arzthelferin in einer urologischen Praxis war ich viele Jahre in diesem Beruf t\u00e4tig. Um mein Wissen zu erweitern und den Menschen als &#8222;ganzheitliches Individuum&#8220; zu verstehen, habe ich eine Ausbildung zur Heilpraktikerin&nbsp;absolviert und im November 2017 [&hellip;]<\/p>\n","protected":false},"author":1,"featured_media":0,"parent":0,"menu_order":0,"comment_status":"closed","ping_status":"closed","template":"","meta":{"_eb_attr":"","_uag_custom_page_level_css":"","footnotes":""},"class_list":["post-189","page","type-page","status-publish","hentry"],"uagb_featured_image_src":{"full":false,"thumbnail":false,"medium":false,"medium_large":false,"large":false,"1536x1536":false,"2048x2048":false,"hestia-blog":false},"uagb_author_info":{"display_name":"medizin","author_link":"https:\/\/xn--schngesund-gcb.de\/index.php\/author\/medizin\/"},"uagb_comment_info":0,"uagb_excerpt":"Schon immer habe ich mich f\u00fcr Medizin, eine gesunde Lebensweise&nbsp;und \u00c4sthetik&nbsp;interessiert. Nach meiner Ausbildung zur&nbsp;Arzthelferin in einer urologischen Praxis war ich viele Jahre in diesem Beruf t\u00e4tig. Um mein Wissen zu erweitern und den Menschen als &#8222;ganzheitliches Individuum&#8220; zu verstehen, habe ich eine Ausbildung zur Heilpraktikerin&nbsp;absolviert und im November 2017 [&hellip;]","_links":{"self":[{"href":"https:\/\/xn--schngesund-gcb.de\/index.php\/wp-json\/wp\/v2\/pages\/189","targetHints":{"allow":["GET"]}}],"collection":[{"href":"https:\/\/xn--schngesund-gcb.de\/index.php\/wp-json\/wp\/v2\/pages"}],"about":[{"href":"https:\/\/xn--schngesund-gcb.de\/index.php\/wp-json\/wp\/v2\/types\/page"}],"author":[{"embeddable":true,"href":"https:\/\/xn--schngesund-gcb.de\/index.php\/wp-json\/wp\/v2\/users\/1"}],"replies":[{"embeddable":true,"href":"https:\/\/xn--schngesund-gcb.de\/index.php\/wp-json\/wp\/v2\/comments?post=189"}],"version-history":[{"count":2,"href":"https:\/\/xn--schngesund-gcb.de\/index.php\/wp-json\/wp\/v2\/pages\/189\/revisions"}],"predecessor-version":[{"id":229,"href":"https:\/\/xn--schngesund-gcb.de\/index.php\/wp-json\/wp\/v2\/pages\/189\/revisions\/229"}],"wp:attachment":[{"href":"https:\/\/xn--schngesund-gcb.de\/index.php\/wp-json\/wp\/v2\/media?parent=189"}],"curies":[{"name":"wp","href":"https:\/\/api.w.org\/{rel}","templated":true}]}}