{"id":185,"date":"2023-04-02T19:21:57","date_gmt":"2023-04-02T17:21:57","guid":{"rendered":"https:\/\/skin-soft.de\/?page_id=185"},"modified":"2024-04-21T12:36:11","modified_gmt":"2024-04-21T10:36:11","slug":"wibke-klier","status":"publish","type":"page","link":"https:\/\/xn--schngesund-gcb.de\/index.php\/wibke-klier\/","title":{"rendered":"Wibke Klier"},"content":{"rendered":"\n<div class=\"wp-block-uagb-image uagb-block-216111f3 wp-block-uagb-image--layout-default wp-block-uagb-image--effect-static wp-block-uagb-image--align-none\"><figure class=\"wp-block-uagb-image__figure\"><img decoding=\"async\" srcset=\"https:\/\/xn--schngesund-gcb.de\/wp-content\/uploads\/2023\/04\/Klier-Logo-2023-600dpi_Fensterbeklebung-800x600mm.jpg \" sizes=\"auto, (max-width: 480px) 150px\" src=\"https:\/\/xn--schngesund-gcb.de\/wp-content\/uploads\/2023\/04\/Klier-Logo-2023-600dpi_Fensterbeklebung-800x600mm.jpg\" alt=\"\" class=\"uag-image-211\" width=\"320\" height=\"240\" title=\"\" loading=\"lazy\"\/><\/figure><\/div>\n\n\n\n<p>Als Heilpraktikerin ist mir die ganzheitliche Behandlung (also K\u00f6rper, Geist und Seele) des Menschen wichtig. Daher steht am Anfang einer Therapie immer ein ausf\u00fchrliches Gespr\u00e4ch und eine k\u00f6rperliche Untersuchung zur Erfassung Ihres Gesundheitszustandes, Ihrer Beschwerden und m\u00f6glicher Ursachen. Bei Bedarf erfolgt eine weiterf\u00fchrende Labor-Diagnostik.&nbsp;<\/p>\n\n\n\n<p>Durch die Kombination des pers\u00f6nlichen Gespr\u00e4chs und wissenschaftlich fundierter Laborwerte kann ich die geeignete Behandlungsmethode ausw\u00e4hlen und einen individuellen Behandlungsplan f\u00fcr Sie erstellen.&nbsp;<\/p>\n\n\n\n<p>Meine Behandlungsschwerpunkte sind die &nbsp;Orthomolekular-Medizin, Mikron\u00e4hrstoff-Therapie, Darmsanierung, Akupunktur und bioidentische Hormontherapie.&nbsp;<\/p>\n\n\n\n<p>In Verbindung mit einer vorausgegangenen Diagnostik k\u00f6nnen damit beispielsweise Beschwerden wie sogenannte unklare Bauchbeschwerden, Infektanf\u00e4lligkeit, Haarausfall, generelle M\u00fcdigkeit und Antriebslosigkeit, &nbsp;Allergien und Wechseljahrsbeschwerden behandelt werden.&nbsp;<\/p>\n\n\n\n<div class=\"wp-block-essential-blocks-button\"><div class=\"eb-parent-wrapper eb-parent-eb-button-syrjfau \"><div class=\"eb-button-wrapper eb-button-alignment eb-button-syrjfau\"><div class=\"eb-button\"><a class=\"eb-button-anchor\" href=\"https:\/\/www.gesundheitspraxis-klier.de\/\" rel=\"noopener\">Homepage W. Klier<\/a><\/div><\/div><\/div><\/div>\n","protected":false},"excerpt":{"rendered":"<p>Als Heilpraktikerin ist mir die ganzheitliche Behandlung (also K\u00f6rper, Geist und Seele) des Menschen wichtig. Daher steht am Anfang einer Therapie immer ein ausf\u00fchrliches Gespr\u00e4ch und eine k\u00f6rperliche Untersuchung zur Erfassung Ihres Gesundheitszustandes, Ihrer Beschwerden und m\u00f6glicher Ursachen. Bei Bedarf erfolgt eine weiterf\u00fchrende Labor-Diagnostik.&nbsp; Durch die Kombination des pers\u00f6nlichen Gespr\u00e4chs [&hellip;]<\/p>\n","protected":false},"author":1,"featured_media":0,"parent":0,"menu_order":0,"comment_status":"closed","ping_status":"closed","template":"","meta":{"_eb_attr":"","_uag_custom_page_level_css":"","footnotes":""},"class_list":["post-185","page","type-page","status-publish","hentry"],"uagb_featured_image_src":{"full":false,"thumbnail":false,"medium":false,"medium_large":false,"large":false,"1536x1536":false,"2048x2048":false,"hestia-blog":false},"uagb_author_info":{"display_name":"medizin","author_link":"https:\/\/xn--schngesund-gcb.de\/index.php\/author\/medizin\/"},"uagb_comment_info":0,"uagb_excerpt":"Als Heilpraktikerin ist mir die ganzheitliche Behandlung (also K\u00f6rper, Geist und Seele) des Menschen wichtig. Daher steht am Anfang einer Therapie immer ein ausf\u00fchrliches Gespr\u00e4ch und eine k\u00f6rperliche Untersuchung zur Erfassung Ihres Gesundheitszustandes, Ihrer Beschwerden und m\u00f6glicher Ursachen. Bei Bedarf erfolgt eine weiterf\u00fchrende Labor-Diagnostik.&nbsp; Durch die Kombination des pers\u00f6nlichen Gespr\u00e4chs [&hellip;]","_links":{"self":[{"href":"https:\/\/xn--schngesund-gcb.de\/index.php\/wp-json\/wp\/v2\/pages\/185","targetHints":{"allow":["GET"]}}],"collection":[{"href":"https:\/\/xn--schngesund-gcb.de\/index.php\/wp-json\/wp\/v2\/pages"}],"about":[{"href":"https:\/\/xn--schngesund-gcb.de\/index.php\/wp-json\/wp\/v2\/types\/page"}],"author":[{"embeddable":true,"href":"https:\/\/xn--schngesund-gcb.de\/index.php\/wp-json\/wp\/v2\/users\/1"}],"replies":[{"embeddable":true,"href":"https:\/\/xn--schngesund-gcb.de\/index.php\/wp-json\/wp\/v2\/comments?post=185"}],"version-history":[{"count":3,"href":"https:\/\/xn--schngesund-gcb.de\/index.php\/wp-json\/wp\/v2\/pages\/185\/revisions"}],"predecessor-version":[{"id":230,"href":"https:\/\/xn--schngesund-gcb.de\/index.php\/wp-json\/wp\/v2\/pages\/185\/revisions\/230"}],"wp:attachment":[{"href":"https:\/\/xn--schngesund-gcb.de\/index.php\/wp-json\/wp\/v2\/media?parent=185"}],"curies":[{"name":"wp","href":"https:\/\/api.w.org\/{rel}","templated":true}]}}