{"id":174,"date":"2023-03-23T23:17:26","date_gmt":"2023-03-23T22:17:26","guid":{"rendered":"https:\/\/skin-soft.de\/?page_id=174"},"modified":"2024-04-21T15:07:38","modified_gmt":"2024-04-21T13:07:38","slug":"anfahrt","status":"publish","type":"page","link":"https:\/\/xn--schngesund-gcb.de\/index.php\/anfahrt\/","title":{"rendered":"Anfahrt"},"content":{"rendered":"\n<div class=\"wp-block-stackable-heading stk-block-heading stk-block-heading--v2 stk-block stk-befa426\" id=\"auto\" data-block-id=\"befa426\"><h2 class=\"stk-block-heading__text\">Auto<\/h2><\/div>\n\n\n\n<div class=\"wp-block-stackable-text stk-block-text stk-block stk-0354a3b\" data-block-id=\"0354a3b\"><p class=\"stk-block-text__text\">Mainz Kastel erreichen Sie einfach sowohl von Mainz wie auch Wiesbaden. Ausreichend Parkm\u00f6glichkeiten finden Sie auf dem eigenen Parkplatz hinter dem Haus<\/p><\/div>\n\n\n\n<div class=\"wp-block-stackable-heading stk-block-heading stk-block-heading--v2 stk-block stk-80c7872\" id=\"offentliche-verkehrsmittel\" data-block-id=\"80c7872\"><h2 class=\"stk-block-heading__text\">\u00d6ffentliche Verkehrsmittel<\/h2><\/div>\n\n\n\n<p>Die Gemeinschaftspraxis ist sowohl von Mainz wie auch Wiesbaden bestens an geschlossen.<br>Die n\u00e4chste<strong> S-Bahn Haltestelle ist Mainz-Kastel<\/strong>, von der aus man den <strong>Bus 54<\/strong> bis Haltestelle Wilhelm-Leuschner Schule nehmen kann oder in ca. einer Viertelstunde laufen kann.<br>Der S-Bahnhof kann vom <strong>Flughafen mit S9 <\/strong>direkt erreicht werden<\/p>\n\n\n\n<figure class=\"wp-block-image size-full\"><img loading=\"lazy\" decoding=\"async\" width=\"1000\" height=\"865\" src=\"https:\/\/xn--schngesund-gcb.de\/wp-content\/uploads\/2023\/03\/strassenplan-eigen.jpg\" alt=\"\" class=\"wp-image-175\" srcset=\"https:\/\/xn--schngesund-gcb.de\/wp-content\/uploads\/2023\/03\/strassenplan-eigen.jpg 1000w, https:\/\/xn--schngesund-gcb.de\/wp-content\/uploads\/2023\/03\/strassenplan-eigen-300x260.jpg 300w, https:\/\/xn--schngesund-gcb.de\/wp-content\/uploads\/2023\/03\/strassenplan-eigen-768x664.jpg 768w\" sizes=\"auto, (max-width: 1000px) 100vw, 1000px\" \/><\/figure>\n","protected":false},"excerpt":{"rendered":"<p>Auto Mainz Kastel erreichen Sie einfach sowohl von Mainz wie auch Wiesbaden. Ausreichend Parkm\u00f6glichkeiten finden Sie auf dem eigenen Parkplatz hinter dem Haus \u00d6ffentliche Verkehrsmittel Die Gemeinschaftspraxis ist sowohl von Mainz wie auch Wiesbaden bestens an geschlossen.Die n\u00e4chste S-Bahn Haltestelle ist Mainz-Kastel, von der aus man den Bus 54 bis [&hellip;]<\/p>\n","protected":false},"author":1,"featured_media":0,"parent":0,"menu_order":0,"comment_status":"closed","ping_status":"closed","template":"","meta":{"_eb_attr":"","_uag_custom_page_level_css":"","footnotes":""},"class_list":["post-174","page","type-page","status-publish","hentry"],"uagb_featured_image_src":{"full":false,"thumbnail":false,"medium":false,"medium_large":false,"large":false,"1536x1536":false,"2048x2048":false,"hestia-blog":false},"uagb_author_info":{"display_name":"medizin","author_link":"https:\/\/xn--schngesund-gcb.de\/index.php\/author\/medizin\/"},"uagb_comment_info":0,"uagb_excerpt":"Auto Mainz Kastel erreichen Sie einfach sowohl von Mainz wie auch Wiesbaden. Ausreichend Parkm\u00f6glichkeiten finden Sie auf dem eigenen Parkplatz hinter dem Haus \u00d6ffentliche Verkehrsmittel Die Gemeinschaftspraxis ist sowohl von Mainz wie auch Wiesbaden bestens an geschlossen.Die n\u00e4chste S-Bahn Haltestelle ist Mainz-Kastel, von der aus man den Bus 54 bis [&hellip;]","_links":{"self":[{"href":"https:\/\/xn--schngesund-gcb.de\/index.php\/wp-json\/wp\/v2\/pages\/174","targetHints":{"allow":["GET"]}}],"collection":[{"href":"https:\/\/xn--schngesund-gcb.de\/index.php\/wp-json\/wp\/v2\/pages"}],"about":[{"href":"https:\/\/xn--schngesund-gcb.de\/index.php\/wp-json\/wp\/v2\/types\/page"}],"author":[{"embeddable":true,"href":"https:\/\/xn--schngesund-gcb.de\/index.php\/wp-json\/wp\/v2\/users\/1"}],"replies":[{"embeddable":true,"href":"https:\/\/xn--schngesund-gcb.de\/index.php\/wp-json\/wp\/v2\/comments?post=174"}],"version-history":[{"count":4,"href":"https:\/\/xn--schngesund-gcb.de\/index.php\/wp-json\/wp\/v2\/pages\/174\/revisions"}],"predecessor-version":[{"id":235,"href":"https:\/\/xn--schngesund-gcb.de\/index.php\/wp-json\/wp\/v2\/pages\/174\/revisions\/235"}],"wp:attachment":[{"href":"https:\/\/xn--schngesund-gcb.de\/index.php\/wp-json\/wp\/v2\/media?parent=174"}],"curies":[{"name":"wp","href":"https:\/\/api.w.org\/{rel}","templated":true}]}}