{"id":130,"date":"2023-03-23T09:51:00","date_gmt":"2023-03-23T08:51:00","guid":{"rendered":"https:\/\/skin-soft.de\/?page_id=130"},"modified":"2024-04-21T12:35:11","modified_gmt":"2024-04-21T10:35:11","slug":"mihaela-n-wimpern-und-permanent-make-up","status":"publish","type":"page","link":"https:\/\/xn--schngesund-gcb.de\/index.php\/mihaela-n-wimpern-und-permanent-make-up\/","title":{"rendered":"Mihaela N Studio"},"content":{"rendered":"\n<div class=\"wp-block-stackable-columns alignfull stk-block-columns stk-block stk-46a5810 stk-block-background\" data-block-id=\"46a5810\"><style>.stk-46a5810{min-height:801px !important;align-items:center !important;max-width:1180px !important;padding-top:28px !important;padding-right:28px !important;padding-bottom:28px !important;padding-left:28px !important;margin-right:auto !important;margin-left:auto !important;display:flex !important}<\/style><div class=\"stk-row stk-inner-blocks stk-block-content stk-content-align stk-46a5810-column alignwide\">\n<div class=\"wp-block-stackable-column stk-block-column stk-column stk-block stk-75fffb2\" data-v=\"4\" data-block-id=\"75fffb2\"><div class=\"stk-column-wrapper stk-block-column__content stk-container stk-75fffb2-container stk--no-background stk--no-padding\"><div class=\"stk-block-content stk-inner-blocks stk-75fffb2-inner-blocks\">\n<div class=\"wp-block-stackable-columns stk-block-columns stk-block stk-9958e60\" data-block-id=\"9958e60\"><style>.stk-9958e60-column{--stk-column-gap:48px !important}<\/style><div class=\"stk-row stk-inner-blocks stk-block-content stk-content-align stk-9958e60-column\">\n<div class=\"wp-block-stackable-column stk-block-column stk-column stk-block stk-b153812\" data-v=\"4\" data-block-id=\"b153812\"><div class=\"stk-column-wrapper stk-block-column__content stk-container stk-b153812-container stk--no-background stk--no-padding\"><div class=\"stk-block-content stk-inner-blocks stk-b153812-inner-blocks\">\n<div class=\"wp-block-stackable-image stk-block-image stk-block stk-3d58959\" data-block-id=\"3d58959\"><style>.stk-3d58959 .stk-img-wrapper{height:500px !important}<\/style><figure><span class=\"stk-img-wrapper stk-image--shape-stretch\"><img loading=\"lazy\" decoding=\"async\" class=\"stk-img wp-image-100\" src=\"https:\/\/xn--schngesund-gcb.de\/wp-content\/uploads\/2023\/03\/MWSnap044-2023-03-22-22_51_19.jpg\" width=\"1094\" height=\"999\" srcset=\"https:\/\/xn--schngesund-gcb.de\/wp-content\/uploads\/2023\/03\/MWSnap044-2023-03-22-22_51_19.jpg 1094w, https:\/\/xn--schngesund-gcb.de\/wp-content\/uploads\/2023\/03\/MWSnap044-2023-03-22-22_51_19-300x274.jpg 300w, https:\/\/xn--schngesund-gcb.de\/wp-content\/uploads\/2023\/03\/MWSnap044-2023-03-22-22_51_19-1024x935.jpg 1024w, https:\/\/xn--schngesund-gcb.de\/wp-content\/uploads\/2023\/03\/MWSnap044-2023-03-22-22_51_19-768x701.jpg 768w\" sizes=\"auto, (max-width: 1094px) 100vw, 1094px\" \/><\/span><\/figure><\/div>\n<\/div><\/div><\/div>\n\n\n\n<div class=\"wp-block-stackable-column stk-block-column stk-column stk-block stk-c88e668\" data-v=\"4\" data-block-id=\"c88e668\"><style>.stk-c88e668-inner-blocks{justify-content:center !important}<\/style><div class=\"stk-column-wrapper stk-block-column__content stk-container stk-c88e668-container stk--no-background stk--no-padding\"><div class=\"stk--column-flex stk-block-content stk-inner-blocks stk-c88e668-inner-blocks\">\n<div class=\"wp-block-stackable-heading stk-block-heading stk-block-heading--v2 stk-block stk-44663e1\" id=\"wimpern-amp-permanent-make-up\" data-block-id=\"44663e1\"><h2 class=\"stk-block-heading__text\">Wimpern &amp; Permanent Make-up<\/h2><\/div>\n\n\n\n<div class=\"wp-block-stackable-text stk-block-text stk-block stk-bb4c774\" data-block-id=\"bb4c774\"><p class=\"stk-block-text__text\">Als zertifizierte Wimpernstylistin habe ich mich auf Wimpernverl\u00e4ngerung spezialisiert. Dir den Traum von einem b\u0435t\u00f6renden und unwiderstehlichen Augenaufschlag mit aufregenden Wimpern zu zaubern.<\/p><\/div>\n\n\n\n<div class=\"wp-block-stackable-text stk-block-text stk-block stk-f4bd61c\" data-block-id=\"f4bd61c\"><p class=\"stk-block-text__text\">Besuchen Sie meine Homepage f\u00fcr Einzelheiten zu meiner Arbeit<\/p><\/div>\n\n\n\n<div class=\"wp-block-stackable-button-group stk-block-button-group stk-block stk-b48a0bb\" data-block-id=\"b48a0bb\"><div class=\"stk-row stk-inner-blocks stk-block-content stk-button-group\">\n<div class=\"wp-block-stackable-button stk-block-button stk-block stk-b543d08\" data-block-id=\"b543d08\"><a class=\"stk-link stk-button stk--hover-effect-darken\" href=\"https:\/\/www.mihaelan-beautystudio.de\/\" rel=\"https:\/\/www.mihaelan-beautystudio.de\/\"><span class=\"stk-button__inner-text\">Zur Website <\/span><\/a><\/div>\n<\/div><\/div>\n<\/div><\/div><\/div>\n<\/div><\/div>\n\n\n\n<div class=\"wp-block-stackable-divider stk-block-divider stk-block stk-633b08a\" data-block-id=\"633b08a\"><style>.stk-633b08a hr.stk-block-divider__hr{width:100% !important}<\/style><hr class=\"stk-block-divider__hr\"\/><\/div>\n\n\n\n<div class=\"wp-block-stackable-columns stk-block-columns stk-block stk-1110c44\" data-block-id=\"1110c44\"><div class=\"stk-row stk-inner-blocks stk-block-content stk-content-align stk-1110c44-column\">\n<div class=\"wp-block-stackable-column stk-block-column stk-column stk-block stk-24038fd\" data-v=\"4\" data-block-id=\"24038fd\"><div class=\"stk-column-wrapper stk-block-column__content stk-container stk-24038fd-container stk--no-background stk--no-padding\"><div class=\"stk-block-content stk-inner-blocks stk-24038fd-inner-blocks\">\n<div class=\"wp-block-stackable-icon-label stk-block-icon-label stk-block stk-d138e1e\" data-block-id=\"d138e1e\"><div class=\"stk-row stk-inner-blocks stk-block-content\">\n<div class=\"wp-block-stackable-icon stk-block-icon has-text-align-left stk-block stk-b4e79a9\" data-block-id=\"b4e79a9\"><span class=\"stk--svg-wrapper\"><div class=\"stk--inner-svg\"><svg style=\"height:0;width:0\"><defs><linearGradient id=\"linear-gradient-b4e79a9\" x1=\"0\" x2=\"100%\" y1=\"0\" y2=\"0\"><stop offset=\"0%\" style=\"stop-opacity:1;stop-color:var(--linear-gradient-b-4-e-79-a-9-color-1)\"><\/stop><stop offset=\"100%\" style=\"stop-opacity:1;stop-color:var(--linear-gradient-b-4-e-79-a-9-color-2)\"><\/stop><\/linearGradient><\/defs><\/svg><svg data-prefix=\"fa\" data-icon=\"star\" class=\"svg-inline--fa fa-star fa-w-18\" xmlns=\"http:\/\/www.w3.org\/2000\/svg\" viewBox=\"0 0 576 512\" aria-hidden=\"true\" width=\"32\" height=\"32\"><path fill=\"currentColor\" d=\"M259.3 17.8L194 150.2 47.9 171.5c-26.2 3.8-36.7 36.1-17.7 54.6l105.7 103-25 145.5c-4.5 26.3 23.2 46 46.4 33.7L288 439.6l130.7 68.7c23.2 12.2 50.9-7.4 46.4-33.7l-25-145.5 105.7-103c19-18.5 8.5-50.8-17.7-54.6L382 150.2 316.7 17.8c-11.7-23.6-45.6-23.9-57.4 0z\"><\/path><\/svg><\/div><\/span><\/div>\n\n\n\n<div class=\"wp-block-stackable-heading stk-block-heading stk-block-heading--v2 stk-block stk-1dfa10f\" id=\"wimpernverlangerung-der-neue-br-beauty-trend-br-fur-noch-mehr-ausstrahlung\" data-block-id=\"1dfa10f\"><h5 class=\"stk-block-heading__text\">Wimpernverl\u00e4ngerung &#8211; der neue&nbsp;<br>Beauty-Trend&nbsp;<br>f\u00fcr noch mehr Ausstrahlung<\/h5><\/div>\n<\/div><\/div>\n<\/div><\/div><\/div>\n\n\n\n<div class=\"wp-block-stackable-column stk-block-column stk-column stk-block stk-9d6049f\" data-v=\"4\" data-block-id=\"9d6049f\"><div class=\"stk-column-wrapper stk-block-column__content stk-container stk-9d6049f-container stk--no-background stk--no-padding\"><div class=\"stk-block-content stk-inner-blocks stk-9d6049f-inner-blocks\">\n<div class=\"wp-block-stackable-icon-label stk-block-icon-label stk-block stk-f4bc981\" data-block-id=\"f4bc981\"><div class=\"stk-row stk-inner-blocks stk-block-content\">\n<div class=\"wp-block-stackable-icon stk-block-icon has-text-align-left stk-block stk-f603fd6\" data-block-id=\"f603fd6\"><span class=\"stk--svg-wrapper\"><div class=\"stk--inner-svg\"><svg style=\"height:0;width:0\"><defs><linearGradient id=\"linear-gradient-f603fd6\" x1=\"0\" x2=\"100%\" y1=\"0\" y2=\"0\"><stop offset=\"0%\" style=\"stop-opacity:1;stop-color:var(--linear-gradient-f-603-fd-6-color-1)\"><\/stop><stop offset=\"100%\" style=\"stop-opacity:1;stop-color:var(--linear-gradient-f-603-fd-6-color-2)\"><\/stop><\/linearGradient><\/defs><\/svg><svg data-prefix=\"fa\" data-icon=\"star\" class=\"svg-inline--fa fa-star fa-w-18\" xmlns=\"http:\/\/www.w3.org\/2000\/svg\" viewBox=\"0 0 576 512\" aria-hidden=\"true\" width=\"32\" height=\"32\"><path fill=\"currentColor\" d=\"M259.3 17.8L194 150.2 47.9 171.5c-26.2 3.8-36.7 36.1-17.7 54.6l105.7 103-25 145.5c-4.5 26.3 23.2 46 46.4 33.7L288 439.6l130.7 68.7c23.2 12.2 50.9-7.4 46.4-33.7l-25-145.5 105.7-103c19-18.5 8.5-50.8-17.7-54.6L382 150.2 316.7 17.8c-11.7-23.6-45.6-23.9-57.4 0z\"><\/path><\/svg><\/div><\/span><\/div>\n\n\n\n<div class=\"wp-block-stackable-heading stk-block-heading stk-block-heading--v2 stk-block stk-5d059e5\" id=\"effektiver-als-schonheitsschlaf-erwachen-sie-mit-perfektem-make-up-durch-br-permanent-make-up\" data-block-id=\"5d059e5\"><h5 class=\"stk-block-heading__text\">Effektiver als Sch\u00f6nheitsschlaf: Erwachen Sie mit perfektem Make-up durch&nbsp;<br>Permanent Make-up<\/h5><\/div>\n<\/div><\/div>\n<\/div><\/div><\/div>\n\n\n\n<div class=\"wp-block-stackable-column stk-block-column stk-column stk-block stk-8bbec59\" data-v=\"4\" data-block-id=\"8bbec59\"><div class=\"stk-column-wrapper stk-block-column__content stk-container stk-8bbec59-container stk--no-background stk--no-padding\"><div class=\"stk-block-content stk-inner-blocks stk-8bbec59-inner-blocks\">\n<div class=\"wp-block-stackable-icon-label stk-block-icon-label stk-block stk-d9d6abb\" data-block-id=\"d9d6abb\"><div class=\"stk-row stk-inner-blocks stk-block-content\">\n<div class=\"wp-block-stackable-icon stk-block-icon has-text-align-left stk-block stk-57f5d39\" data-block-id=\"57f5d39\"><span class=\"stk--svg-wrapper\"><div class=\"stk--inner-svg\"><svg style=\"height:0;width:0\"><defs><linearGradient id=\"linear-gradient-57f5d39\" x1=\"0\" x2=\"100%\" y1=\"0\" y2=\"0\"><stop offset=\"0%\" style=\"stop-opacity:1;stop-color:var(--linear-gradient-57-f-5-d-39-color-1)\"><\/stop><stop offset=\"100%\" style=\"stop-opacity:1;stop-color:var(--linear-gradient-57-f-5-d-39-color-2)\"><\/stop><\/linearGradient><\/defs><\/svg><svg data-prefix=\"fa\" data-icon=\"star\" class=\"svg-inline--fa fa-star fa-w-18\" xmlns=\"http:\/\/www.w3.org\/2000\/svg\" viewBox=\"0 0 576 512\" aria-hidden=\"true\" width=\"32\" height=\"32\"><path fill=\"currentColor\" d=\"M259.3 17.8L194 150.2 47.9 171.5c-26.2 3.8-36.7 36.1-17.7 54.6l105.7 103-25 145.5c-4.5 26.3 23.2 46 46.4 33.7L288 439.6l130.7 68.7c23.2 12.2 50.9-7.4 46.4-33.7l-25-145.5 105.7-103c19-18.5 8.5-50.8-17.7-54.6L382 150.2 316.7 17.8c-11.7-23.6-45.6-23.9-57.4 0z\"><\/path><\/svg><\/div><\/span><\/div>\n\n\n\n<div class=\"wp-block-stackable-heading stk-block-heading stk-block-heading--v2 stk-block stk-b8005cc\" id=\"mit-permanent-make-up-hupfen-sie-tatsachlich-perfekt-geschminkt-aus-dem-bett\" data-block-id=\"b8005cc\"><h5 class=\"stk-block-heading__text\">Mit Permanent Make up h\u00fcpfen Sie tats\u00e4chlich perfekt geschminkt aus dem Bett.<\/h5><\/div>\n<\/div><\/div>\n<\/div><\/div><\/div>\n<\/div><\/div>\n<\/div><\/div><\/div>\n<\/div><\/div>\n","protected":false},"excerpt":{"rendered":"<p>Wimpern &amp; Permanent Make-up Als zertifizierte Wimpernstylistin habe ich mich auf Wimpernverl\u00e4ngerung spezialisiert. Dir den Traum von einem b\u0435t\u00f6renden und unwiderstehlichen Augenaufschlag mit aufregenden Wimpern zu zaubern. Besuchen Sie meine Homepage f\u00fcr Einzelheiten zu meiner Arbeit Zur Website Wimpernverl\u00e4ngerung &#8211; der neue&nbsp;Beauty-Trend&nbsp;f\u00fcr noch mehr Ausstrahlung Effektiver als Sch\u00f6nheitsschlaf: Erwachen Sie [&hellip;]<\/p>\n","protected":false},"author":1,"featured_media":0,"parent":0,"menu_order":0,"comment_status":"closed","ping_status":"closed","template":"","meta":{"_eb_attr":"","_uag_custom_page_level_css":"","footnotes":""},"class_list":["post-130","page","type-page","status-publish","hentry"],"uagb_featured_image_src":{"full":false,"thumbnail":false,"medium":false,"medium_large":false,"large":false,"1536x1536":false,"2048x2048":false,"hestia-blog":false},"uagb_author_info":{"display_name":"medizin","author_link":"https:\/\/xn--schngesund-gcb.de\/index.php\/author\/medizin\/"},"uagb_comment_info":0,"uagb_excerpt":"Wimpern &amp; Permanent Make-up Als zertifizierte Wimpernstylistin habe ich mich auf Wimpernverl\u00e4ngerung spezialisiert. Dir den Traum von einem b\u0435t\u00f6renden und unwiderstehlichen Augenaufschlag mit aufregenden Wimpern zu zaubern. Besuchen Sie meine Homepage f\u00fcr Einzelheiten zu meiner Arbeit Zur Website Wimpernverl\u00e4ngerung &#8211; der neue&nbsp;Beauty-Trend&nbsp;f\u00fcr noch mehr Ausstrahlung Effektiver als Sch\u00f6nheitsschlaf: Erwachen Sie [&hellip;]","_links":{"self":[{"href":"https:\/\/xn--schngesund-gcb.de\/index.php\/wp-json\/wp\/v2\/pages\/130","targetHints":{"allow":["GET"]}}],"collection":[{"href":"https:\/\/xn--schngesund-gcb.de\/index.php\/wp-json\/wp\/v2\/pages"}],"about":[{"href":"https:\/\/xn--schngesund-gcb.de\/index.php\/wp-json\/wp\/v2\/types\/page"}],"author":[{"embeddable":true,"href":"https:\/\/xn--schngesund-gcb.de\/index.php\/wp-json\/wp\/v2\/users\/1"}],"replies":[{"embeddable":true,"href":"https:\/\/xn--schngesund-gcb.de\/index.php\/wp-json\/wp\/v2\/comments?post=130"}],"version-history":[{"count":10,"href":"https:\/\/xn--schngesund-gcb.de\/index.php\/wp-json\/wp\/v2\/pages\/130\/revisions"}],"predecessor-version":[{"id":228,"href":"https:\/\/xn--schngesund-gcb.de\/index.php\/wp-json\/wp\/v2\/pages\/130\/revisions\/228"}],"wp:attachment":[{"href":"https:\/\/xn--schngesund-gcb.de\/index.php\/wp-json\/wp\/v2\/media?parent=130"}],"curies":[{"name":"wp","href":"https:\/\/api.w.org\/{rel}","templated":true}]}}