{"id":111,"date":"2023-03-22T23:42:30","date_gmt":"2023-03-22T22:42:30","guid":{"rendered":"https:\/\/skin-soft.de\/?page_id=111"},"modified":"2023-03-29T22:23:57","modified_gmt":"2023-03-29T20:23:57","slug":"silvia-ragus","status":"publish","type":"page","link":"https:\/\/xn--schngesund-gcb.de\/index.php\/silvia-ragus\/","title":{"rendered":"Silvia Ragus &#8211; Manik\u00fcre &#038; Pedik\u00fcre\u00a0"},"content":{"rendered":"\n<p>Das Angebot unseres Nagelstudios f\u00fcr Manik\u00fcre beinhaltet verschiedene Services, wie zum Beispiel N\u00e4gel lackieren, Feilen und Schneiden, Entfernen von Nagelhaut und Polieren. Man kann auch Nagelverst\u00e4rkungen oder -verl\u00e4ngerungen machen lassen, sowie spezielle Designs und Verzierungen auftragen lassen. <\/p>\n\n\n\n<p>Das Angebot unseres Nagelstudios f\u00fcr Pedik\u00fcre umfasst verschiedene Dienstleistungen zur Pflege und Versch\u00f6nerung der F\u00fc\u00dfe und N\u00e4gel. Dazu geh\u00f6ren beispielsweise das Entfernen von Hornhaut, das Schneiden und Feilen der N\u00e4gel, das Lackieren oder eine kosmetische Fu\u00dfmassage.&nbsp;<\/p>\n\n\n\n<div class=\"wp-block-essential-blocks-image-gallery\"><div class=\"eb-parent-wrapper eb-parent-eb-image-gallery-c9ifqgs \"><div class=\"eb-gallery-img-wrapper eb-image-gallery-c9ifqgs grid overlay-bottom caption-style-0  \" data-id=\"eb-image-gallery-c9ifqgs\"><a href=\"https:\/\/skin-soft.de\/wp-content\/uploads\/2023\/03\/MWSnap051-2023-03-22-23_42_15.jpg\" id=\"eb-gallery-img-content\" data-fslightbox=\"gallery\" data-type=\"image\" class=\"eb-gallery-img-content eb-filter-img-\"><span class=\"eb-gallery-link-wrapper\"><img decoding=\"async\" class=\"eb-gallery-img\" src=\"https:\/\/skin-soft.de\/wp-content\/uploads\/2023\/03\/MWSnap051-2023-03-22-23_42_15.jpg\" image-index=\"0\"\/><\/span><\/a><a href=\"https:\/\/skin-soft.de\/wp-content\/uploads\/2023\/03\/MWSnap050-2023-03-22-23_41_39.jpg\" id=\"eb-gallery-img-content\" data-fslightbox=\"gallery\" data-type=\"image\" class=\"eb-gallery-img-content eb-filter-img-\"><span class=\"eb-gallery-link-wrapper\"><img decoding=\"async\" class=\"eb-gallery-img\" src=\"https:\/\/skin-soft.de\/wp-content\/uploads\/2023\/03\/MWSnap050-2023-03-22-23_41_39.jpg\" image-index=\"1\"\/><\/span><\/a><a href=\"https:\/\/skin-soft.de\/wp-content\/uploads\/2023\/03\/MWSnap049-2023-03-22-23_41_14.jpg\" id=\"eb-gallery-img-content\" data-fslightbox=\"gallery\" data-type=\"image\" class=\"eb-gallery-img-content eb-filter-img-\"><span class=\"eb-gallery-link-wrapper\"><img decoding=\"async\" class=\"eb-gallery-img\" src=\"https:\/\/skin-soft.de\/wp-content\/uploads\/2023\/03\/MWSnap049-2023-03-22-23_41_14.jpg\" image-index=\"2\"\/><\/span><\/a><a href=\"https:\/\/skin-soft.de\/wp-content\/uploads\/2023\/03\/MWSnap048-2023-03-22-23_40_37.jpg\" id=\"eb-gallery-img-content\" data-fslightbox=\"gallery\" data-type=\"image\" class=\"eb-gallery-img-content eb-filter-img-\"><span class=\"eb-gallery-link-wrapper\"><img decoding=\"async\" class=\"eb-gallery-img\" src=\"https:\/\/skin-soft.de\/wp-content\/uploads\/2023\/03\/MWSnap048-2023-03-22-23_40_37.jpg\" image-index=\"3\"\/><\/span><\/a><a href=\"https:\/\/skin-soft.de\/wp-content\/uploads\/2023\/03\/MWSnap047-2023-03-22-23_39_38.jpg\" id=\"eb-gallery-img-content\" data-fslightbox=\"gallery\" data-type=\"image\" class=\"eb-gallery-img-content eb-filter-img-\"><span class=\"eb-gallery-link-wrapper\"><img decoding=\"async\" class=\"eb-gallery-img\" src=\"https:\/\/skin-soft.de\/wp-content\/uploads\/2023\/03\/MWSnap047-2023-03-22-23_39_38.jpg\" image-index=\"4\"\/><\/span><\/a><a href=\"https:\/\/skin-soft.de\/wp-content\/uploads\/2023\/03\/MWSnap052-2023-03-22-23_44_53.jpg\" id=\"eb-gallery-img-content\" data-fslightbox=\"gallery\" data-type=\"image\" class=\"eb-gallery-img-content eb-filter-img-\"><span class=\"eb-gallery-link-wrapper\"><img decoding=\"async\" class=\"eb-gallery-img\" src=\"https:\/\/skin-soft.de\/wp-content\/uploads\/2023\/03\/MWSnap052-2023-03-22-23_44_53.jpg\" image-index=\"5\"\/><\/span><\/a><\/div><\/div><\/div>\n\n\n\n<div class=\"wp-block-uagb-container uagb-block-9570482b alignfull uagb-is-root-container\"><div class=\"uagb-container-inner-blocks-wrap\">\n<div class=\"wp-block-uagb-container uagb-block-e7ca3b7c\">\n<div class=\"wp-block-uagb-info-box uagb-block-a119f3b1 uagb-infobox__content-wrap  uagb-infobox-icon-above-title uagb-infobox-image-valign-top\"><div class=\"uagb-ifb-content\"><div class=\"uagb-ifb-title-wrap\"><h2 class=\"uagb-ifb-title\">Mehr Beispiele<\/h2><\/div><p class=\"uagb-ifb-desc\">Machen Sie sich ein Bild von unserer Arbeit! Immer aktuell in unserem Instagram Konto .<\/p><\/div><\/div>\n<\/div>\n\n\n\n<div class=\"wp-block-uagb-container uagb-block-240b8644\">\n<div class=\"wp-block-uagb-buttons uagb-buttons__outer-wrap uagb-btn__default-btn uagb-btn-tablet__default-btn uagb-btn-mobile__default-btn uagb-block-25d6ac48\"><div class=\"uagb-buttons__wrap uagb-buttons-layout-wrap\">\n<div class=\"wp-block-uagb-buttons-child uagb-buttons__outer-wrap uagb-block-e49cd360 wp-block-button is-style-outline\"><div class=\"uagb-button__wrapper\"><a class=\"uagb-buttons-repeater wp-block-button__link has-background\" href=\"https:\/\/www.instagram.com\/beauty_nagelstudio_silvia_\/?hl=de\" onclick=\"return true;\" rel=\"follow noopener\" target=\"_self\"><div class=\"uagb-button__link\">Instagramm<\/div><\/a><\/div><\/div>\n<\/div><\/div>\n<\/div>\n<\/div><\/div>\n\n\n\n<div class=\"wp-block-getwid-section alignfull alignwide has-inner-blocks-gap-small getwid-section-content-custom-width\"><div class=\"wp-block-getwid-section__wrapper getwid-padding-left-medium getwid-padding-right-medium\" style=\"min-height:500px\"><div class=\"wp-block-getwid-section__inner-wrapper\" style=\"max-width:1140px\"><div class=\"wp-block-getwid-section__background-holder\"><div class=\"wp-block-getwid-section__background\" style=\"background-image:linear-gradient(135deg,rgb(74,234,220) 0%,rgb(151,120,209) 20%,rgb(207,42,186) 40%,rgb(238,44,130) 60%,rgb(251,105,98) 80%,rgb(254,248,76) 100%)\"><\/div><div class=\"wp-block-getwid-section__foreground\"><\/div><\/div><div class=\"wp-block-getwid-section__content\"><div class=\"wp-block-getwid-section__inner-content\">\n<div class=\"wp-block-columns has-2-columns is-layout-flex wp-container-core-columns-is-layout-28f84493 wp-block-columns-is-layout-flex\">\n<div class=\"wp-block-column is-layout-flow wp-block-column-is-layout-flow\">\n<div class=\"wp-block-getwid-advanced-heading\" style=\"margin-bottom:0px;margin-top:0px\"><span class=\"wp-block-getwid-advanced-heading__content\"><\/span><\/div>\n\n\n\n<div class=\"wp-block-getwid-advanced-heading\" style=\"margin-bottom:30px;margin-top:10px\"><h2 class=\"wp-block-getwid-advanced-heading__content\">Unser Angebot <\/h2><\/div>\n\n\n\n<p>Unser Studio bietet Ihnen eine professionelle Fu\u00df- und Nagelpflege mit einem freundlichen und kreativen Service zu g\u00fcnstigen Preisen. Genie\u00dfen Sie eine erholsame Auszeit und verlassen Sie unser Studio mit gepflegten F\u00fc\u00dfen und N\u00e4geln.<\/p>\n\n\n\n<ul class=\"wp-block-list\">\n<li>Mo-Fr 9:00 bis 18:00<\/li>\n\n\n\n<li>Samstag 9:00 bis 12:00<\/li>\n\n\n\n<li>Bitte Termin vereinbaren<\/li>\n<\/ul>\n<\/div>\n\n\n\n<div class=\"wp-block-column is-layout-flow wp-block-column-is-layout-flow\">\n<div class=\"wp-block-getwid-images-slider has-cropped-images has-arrows-none has-dots-outside has-images-center has-cropped-images\"><div class=\"wp-block-getwid-images-slider__wrapper\" data-effect=\"slide\" data-slides-show=\"1\" data-slides-show-laptop=\"1\" data-slides-show-tablet=\"1\" data-slides-show-mobile=\"1\" data-slides-scroll=\"1\" data-autoplay=\"false\" data-autoplay-speed=\"6000\" data-infinite=\"true\" data-animation-speed=\"800\" data-center-mode=\"false\" data-variable-width=\"false\" data-arrows=\"none\" data-dots=\"outside\" data-spacing=\"none\"><div class=\"wp-block-getwid-images-slider__item\"><figure><img loading=\"lazy\" decoding=\"async\" width=\"2048\" height=\"1366\" src=\"https:\/\/skin-soft.de\/wp-content\/uploads\/2023\/03\/bild2.jpg\" data-id=\"179\" data-link=\"https:\/\/skin-soft.de\/index.php\/silvia-ragus\/bild2\/\" data-original-link=\"https:\/\/skin-soft.de\/wp-content\/uploads\/2023\/03\/bild2.jpg\" class=\"wp-block-getwid-images-slider__image wp-image-179\" srcset=\"https:\/\/xn--schngesund-gcb.de\/wp-content\/uploads\/2023\/03\/bild2.jpg 2048w, https:\/\/xn--schngesund-gcb.de\/wp-content\/uploads\/2023\/03\/bild2-300x200.jpg 300w, https:\/\/xn--schngesund-gcb.de\/wp-content\/uploads\/2023\/03\/bild2-1024x683.jpg 1024w, https:\/\/xn--schngesund-gcb.de\/wp-content\/uploads\/2023\/03\/bild2-768x512.jpg 768w, https:\/\/xn--schngesund-gcb.de\/wp-content\/uploads\/2023\/03\/bild2-1536x1025.jpg 1536w, https:\/\/xn--schngesund-gcb.de\/wp-content\/uploads\/2023\/03\/bild2-360x240.jpg 360w\" sizes=\"auto, (max-width: 2048px) 100vw, 2048px\" \/><\/figure><\/div><\/div><\/div>\n<\/div>\n<\/div>\n<\/div><\/div><\/div><\/div><\/div>\n\n\n\n<div class=\"wp-block-essential-blocks-social\"><div class=\"eb-parent-wrapper eb-parent-eb-social-links-m8l5wew \"><div class=\"eb-social-links-m8l5wew eb-social-links-wrapper\"><ul class=\"socials\"><li><a class=\"facebook-f-original  \" href=\"#\" target=\"_self\" rel=\"noopener\"><i class=\"hvr-icon social-icon fab fa-facebook-f\"><\/i><\/a><\/li><li><a class=\"instagram-original  \" href=\"https:\/\/www.instagram.com\/beauty_nagelstudio_silvia_\/?hl=de\" target=\"_self\" rel=\"noopener\"><i class=\"hvr-icon social-icon fab fa-instagram\"><\/i><\/a><\/li><li><a class=\"youtube-original  \" href=\"#\" target=\"_self\" rel=\"noopener\"><i class=\"hvr-icon social-icon fab fa-youtube\"><\/i><\/a><\/li><\/ul><\/div><\/div><\/div>\n","protected":false},"excerpt":{"rendered":"<p>Das Angebot unseres Nagelstudios f\u00fcr Manik\u00fcre beinhaltet verschiedene Services, wie zum Beispiel N\u00e4gel lackieren, Feilen und Schneiden, Entfernen von Nagelhaut und Polieren. Man kann auch Nagelverst\u00e4rkungen oder -verl\u00e4ngerungen machen lassen, sowie spezielle Designs und Verzierungen auftragen lassen. Das Angebot unseres Nagelstudios f\u00fcr Pedik\u00fcre umfasst verschiedene Dienstleistungen zur Pflege und Versch\u00f6nerung [&hellip;]<\/p>\n","protected":false},"author":1,"featured_media":0,"parent":0,"menu_order":0,"comment_status":"closed","ping_status":"closed","template":"","meta":{"_eb_attr":"","_uag_custom_page_level_css":"","footnotes":""},"class_list":["post-111","page","type-page","status-publish","hentry"],"uagb_featured_image_src":{"full":false,"thumbnail":false,"medium":false,"medium_large":false,"large":false,"1536x1536":false,"2048x2048":false,"hestia-blog":false},"uagb_author_info":{"display_name":"medizin","author_link":"https:\/\/xn--schngesund-gcb.de\/index.php\/author\/medizin\/"},"uagb_comment_info":0,"uagb_excerpt":"Das Angebot unseres Nagelstudios f\u00fcr Manik\u00fcre beinhaltet verschiedene Services, wie zum Beispiel N\u00e4gel lackieren, Feilen und Schneiden, Entfernen von Nagelhaut und Polieren. Man kann auch Nagelverst\u00e4rkungen oder -verl\u00e4ngerungen machen lassen, sowie spezielle Designs und Verzierungen auftragen lassen. Das Angebot unseres Nagelstudios f\u00fcr Pedik\u00fcre umfasst verschiedene Dienstleistungen zur Pflege und Versch\u00f6nerung [&hellip;]","_links":{"self":[{"href":"https:\/\/xn--schngesund-gcb.de\/index.php\/wp-json\/wp\/v2\/pages\/111","targetHints":{"allow":["GET"]}}],"collection":[{"href":"https:\/\/xn--schngesund-gcb.de\/index.php\/wp-json\/wp\/v2\/pages"}],"about":[{"href":"https:\/\/xn--schngesund-gcb.de\/index.php\/wp-json\/wp\/v2\/types\/page"}],"author":[{"embeddable":true,"href":"https:\/\/xn--schngesund-gcb.de\/index.php\/wp-json\/wp\/v2\/users\/1"}],"replies":[{"embeddable":true,"href":"https:\/\/xn--schngesund-gcb.de\/index.php\/wp-json\/wp\/v2\/comments?post=111"}],"version-history":[{"count":23,"href":"https:\/\/xn--schngesund-gcb.de\/index.php\/wp-json\/wp\/v2\/pages\/111\/revisions"}],"predecessor-version":[{"id":231,"href":"https:\/\/xn--schngesund-gcb.de\/index.php\/wp-json\/wp\/v2\/pages\/111\/revisions\/231"}],"wp:attachment":[{"href":"https:\/\/xn--schngesund-gcb.de\/index.php\/wp-json\/wp\/v2\/media?parent=111"}],"curies":[{"name":"wp","href":"https:\/\/api.w.org\/{rel}","templated":true}]}}